{"id":72,"date":"2022-12-01T05:22:18","date_gmt":"2022-12-01T05:22:18","guid":{"rendered":"https:\/\/cecinafrica.org\/?page_id=72"},"modified":"2026-04-06T19:54:24","modified_gmt":"2026-04-06T19:54:24","slug":"contact","status":"publish","type":"page","link":"https:\/\/cecinafrica.org\/cs\/contact\/","title":{"rendered":"Kontakt"},"content":{"rendered":"<div class=\"brz-root__container brz-reset-all brz brz-root__container-page\">\n<section id=\"_akhkfjdmqkfmbfibmqypfghlwgxssjqvuzbs\" class=\"brz-section brz-css-1cn9ojl brz-css-nsdpdu\">\n<div class=\"brz-section__content brz-section--boxed brz-css-kpufyo brz-css-1ts8nid\" data-brz-custom-id=\"iwfuansocvswqnnwxrndinnhyyklxpteiyun\">\n<div class=\"brz-bg\">\n<div class=\"brz-bg-image brz-bg-image-parallax\"><\/div>\n<div class=\"brz-bg-color\"><\/div>\n<\/div>\n<div class=\"brz-container brz-css-vpat5s\">\n<div id=\"\" data-brz-iteration-count=\"1\" class=\"brz-css-1qbmspw brz-wrapper brz-animated brz-css-1j1dn0x brz-css-pbnaxi\" data-animationid=\"nnilxojxkdktewnywpzhwvdmcfijaddxumdq\">\n<div class=\"brz-rich-text brz-rich-text__custom brz-css-1ud362o\" data-brz-custom-id=\"nzobhizgjbuoojaxxakzjizfzysnuuwjotcx\">\n<div data-brz-translate-text=\"1\">\n<h1 class=\"brz-text-xs-center brz-tp-lg-heading1 brz-text-lg-center brz-css-ml_Da\" data-generated-css=\"brz-css-albfm\" data-uniq-id=\"pxgyk\"><span class=\"brz-cp-color3\">Spojte se s n\u00e1mi<\/span><\/h1>\n<\/div>\n<\/div>\n<\/div>\n<div id=\"\" class=\"brz-css-1qbmspw brz-css-111ro71 brz-wrapper\">\n<div class=\"brz-spacer brz-css-b9v0hc brz-css-bn7ssx\"><\/div>\n<\/div>\n<div class=\"brz-wrapper-clone brz-css-1y0zq7y\">\n<div class=\"brz-d-xs-flex brz-flex-xs-wrap brz-css-ilweah\" data-brz-custom-id=\"\">\n<div class=\"brz-wrapper-clone__item\" id=\"puckvrrslceilwismkyhgbwdvlnuwjwmlftx\">\n<div class=\"brz-icon__container\" data-brz-custom-id=\"puckvrrslceilwismkyhgbwdvlnuwjwmlftx\"><a class=\"brz-a brz-anchor\" href=\"#_bvepwquficwxzxnjubtohgmscgwnqwrkuakm\" target=\"_self\" rel=\"noopener\" data-brz-link-type=\"anchor\"><span class=\"brz-icon brz-span brz-css-e1ncud brz-css-5j4syu\"><\/span><\/a><\/div>\n<\/div>\n<\/div>\n<\/div>\n<\/div>\n<\/div>\n<\/section>\n<section id=\"_bvepwquficwxzxnjubtohgmscgwnqwrkuakm\" class=\"brz-section brz-css-1cn9ojl\">\n<div class=\"brz-section__content brz-section--boxed brz-css-kpufyo brz-css-zp5sog\" data-brz-custom-id=\"fnlbgcoxchqpivjbupqwoscscrxapktluhdi\">\n<div class=\"brz-bg\">\n<div class=\"brz-bg-image\"><\/div>\n<\/div>\n<div class=\"brz-container brz-css-vpat5s brz-css-bub3s5\">\n<div id=\"\" class=\"brz-css-1qbmspw brz-wrapper\">\n<div data-brz-form-version=\"2\" class=\"brz-forms2 brz-css-h88ow2 brz-css-1v58nwb\" data-brz-custom-id=\"xrfxiqgcnzhpyntrzefyafjvdrermnvbxeam\">\n<div data-brz-translate-text=\"1\" class=\"brz-forms2__item brz-css-nuaw08 brz-css-12hmtcm brz-css-10v71oi brz-css-1ffxixz\"><\/div>\n<div data-brz-translate-text=\"1\" class=\"brz-forms2__item brz-css-nuaw08 brz-css-12hmtcm brz-css-10v71oi brz-css-xlz8yz\"><\/div>\n<div data-brz-translate-text=\"1\" class=\"brz-forms2__item brz-css-nuaw08 brz-css-12hmtcm brz-css-10v71oi\">\n<div class=\"brz-forms2__field brz-forms2__field-select brz-css-cdd382 brz-css-m4tq40\">Choose a subjectProjects \/ donationsExperienceWebsiteVolunteeringOther<\/div>\n<\/div>\n<div data-brz-translate-text=\"1\" class=\"brz-forms2__item brz-css-nuaw08 brz-css-12hmtcm brz-css-10v71oi brz-css-8etghu\"><textarea id=\"q_gvK_NHATl2_\" name=\"nfnpskwkmfpucpewhyuvubzqujbiwsudjihe\" data-brz-type=\"Paragraph\" data-brz-label=\"MESSAGE\" data-brz-placeholder=\"MESSAGE\" class=\"brz-textarea brz-forms2__field brz-forms2__field-paragraph\"><\/textarea><\/div>\n<div class=\"brz-forms2 brz-forms2__item brz-forms2__item-button\" data-brz-custom-id=\"xrfxiqgcnzhpyntrzefyafjvdrermnvbxeam\"><button class=\"brz-btn brz-btn-submit brz-css-fz9s76 brz-css-1yhftip\" data-brz-custom-id=\"qqaktmwozkzodgguooxldkzvgbkevapdjlfb\"><span data-brz-translate-text=\"1\" class=\"brz-span brz-text__editor\">ODESLAT ZPR\u00c1VU<\/span><\/button><\/div>\n<div class=\"brz-g-recaptcha\" data-sitekey=\"6Ld-jpwkAAAAAG83PwcvsemBhgmrA6UZx6oxrlyj\" data-size=\"invisible\" data-callback=\"brzFormV2Captcha\"><\/div>\n<\/div>\n<\/div>\n<\/div>\n<\/div>\n<\/section>\n<section id=\"_xztkwcrglxinzkqcqxzfnhmwefeaynuvqsha\" class=\"brz-section brz-css-1cn9ojl\">\n<div class=\"brz-section__content brz-section--boxed brz-css-kpufyo brz-css-rtuj28\" data-brz-custom-id=\"avptjqdozjnftcmgsqzhlsfccktjqjbbvhjk\">\n<div class=\"brz-container brz-css-vpat5s\">\n<div class=\"brz-row__container brz-css-5ah7pv\" data-brz-custom-id=\"gqpcjlleesvuofxyjssbqctxbtgwdyeuclay\">\n<div class=\"brz-bg\"><\/div>\n<div class=\"brz-row brz-css-nvlew\">\n<div class=\"brz-columns brz-css-1xio129\" data-brz-custom-id=\"ewyxsalcbttaurpnnbdmgvqdvhetcknujezp\">\n<div class=\"brz-bg\"><\/div>\n<div class=\"brz-column__items brz-css-1g10gqm\">\n<div id=\"\" class=\"brz-css-1qbmspw brz-css-ckjn7r brz-wrapper\">\n<div class=\"brz-rich-text brz-rich-text__custom brz-css-1ud362o\" data-brz-custom-id=\"bguwjzwbywgufwufsfvkvqnvbdbogkrmxpyy\">\n<div data-brz-translate-text=\"1\">\n<h4 class=\"brz-tp-lg-heading4 brz-css-uaKDp\" data-generated-css=\"brz-css-ckmnw\" data-uniq-id=\"hlchn\"><span class=\"brz-cp-color2\">M\u00edsto projektu v Zambii<\/span><\/h4>\n<\/div>\n<\/div>\n<\/div>\n<div id=\"\" class=\"brz-css-1qbmspw brz-css-ry4v6g brz-wrapper\">\n<div class=\"brz-rich-text brz-rich-text__custom brz-css-1ud362o\" data-brz-custom-id=\"desuexvfdzanttuygkawnfxiruohuvgncite\">\n<div data-brz-translate-text=\"1\">\n<p class=\"brz-tp-lg-paragraph brz-css-oyN6O\" data-generated-css=\"brz-css-qmcfq\" data-uniq-id=\"hutdn\"><span class=\"brz-cp-color3\">Pavel \u0160uba<\/span><\/p>\n<\/div>\n<\/div>\n<\/div>\n<div id=\"\" class=\"brz-css-1qbmspw brz-wrapper\">\n<div class=\"brz-icon-text brz-css-1siczd5\" data-brz-custom-id=\"jcibwfzlygijaxmwtnxjsfazosjthwfojsst\">\n<div class=\"brz-icon__container\" data-brz-custom-id=\"huoatmuylyhnhbjzwtdmlhoczmtdjyktzoei\"><span class=\"brz-icon brz-span brz-css-e1ncud brz-css-gv5m4z\"><\/span><\/div>\n<div class=\"brz-text-btn\">\n<div class=\"brz-rich-text brz-rich-text__custom brz-css-1ud362o\" data-brz-custom-id=\"nzuazfgeyjrrbadyapahzvqnrefictpsejuz\">\n<div data-brz-translate-text=\"1\">\n<p class=\"brz-tp-lg-paragraph brz-css-fQDdT\" data-uniq-id=\"tools\" data-generated-css=\"brz-css-nprlp\"><span class=\"brz-cp-color7\">Lusaka, Zambie<\/span><\/p>\n<\/div>\n<\/div>\n<\/div>\n<\/div>\n<\/div>\n<div id=\"\" class=\"brz-css-1qbmspw brz-wrapper\">\n<div class=\"brz-icon-text brz-css-1siczd5\" data-brz-custom-id=\"pplalgdacemsslayakhrudmvovjbbyyrpvjk\">\n<div class=\"brz-icon__container\" data-brz-custom-id=\"torkhkzatwqqmlqausbgphudadwadorndxzu\"><span class=\"brz-icon brz-span brz-css-e1ncud brz-css-kjnlc0\"><\/span><\/div>\n<div class=\"brz-text-btn\">\n<div class=\"brz-rich-text brz-rich-text__custom brz-css-1ud362o\" data-brz-custom-id=\"xgwshxvstlsmxmxuxcjdaykwdibeglpxkhzj\">\n<div data-brz-translate-text=\"1\">\n<p class=\"brz-tp-lg-paragraph brz-css-etTdS\" data-uniq-id=\"zhwhc\" data-generated-css=\"brz-css-vlspc\"><a class=\"brz-cp-color7 link--external\" href=\"mailto:info@cecinafrica.com\" data-brz-link-type=\"external\">info@cecinafrica.com<\/a><\/p>\n<\/div>\n<\/div>\n<\/div>\n<\/div>\n<\/div>\n<div id=\"\" class=\"brz-css-1qbmspw brz-wrapper\">\n<div class=\"brz-map brz-map_styles brz-css-1octznr\" data-brz-custom-id=\"gnypzgiscerkvmgetbdnsapnwpaubomqywis\">\n<div class=\"brz-ui-ed-map-content\"><\/div>\n<\/div>\n<\/div>\n<\/div>\n<\/div>\n<div class=\"brz-columns brz-css-1xio129 brz-css-1a2zd3y\" data-brz-custom-id=\"yzfyoyosufbdmlszurswlucdcdisticfvvjr\">\n<div class=\"brz-bg\"><\/div>\n<div class=\"brz-column__items brz-css-1g10gqm brz-css-1207qfq\">\n<div id=\"\" class=\"brz-css-1qbmspw brz-css-2uhzef brz-wrapper\">\n<div class=\"brz-rich-text brz-rich-text__custom brz-css-1ud362o\" data-brz-custom-id=\"ttpyfuzuorwojezpqjnczlurcqnymsfywvwm\">\n<div data-brz-translate-text=\"1\">\n<h4 class=\"brz-tp-lg-heading4 brz-css-z7kBH\" data-uniq-id=\"lbiky\" data-generated-css=\"brz-css-gjkwg\"><span class=\"brz-cp-color2\">Kontakt v \u010cesku<\/span><\/h4>\n<\/div>\n<\/div>\n<\/div>\n<div id=\"\" class=\"brz-css-1qbmspw brz-css-bt54kd brz-wrapper\">\n<div class=\"brz-rich-text brz-rich-text__custom brz-css-1ud362o\" data-brz-custom-id=\"eaatoajaaaahpsiimlvhxoldiatbofrfijuv\">\n<div data-brz-translate-text=\"1\">\n<p class=\"brz-tp-lg-paragraph brz-css-jzN6W\" data-uniq-id=\"yshoh\" data-generated-css=\"brz-css-jxchx\"><span class=\"brz-cp-color3\">Ji\u0159\u00ed Slima\u0159\u00edk<\/span><\/p>\n<\/div>\n<\/div>\n<\/div>\n<div id=\"\" class=\"brz-css-1qbmspw brz-wrapper\">\n<div class=\"brz-icon-text brz-css-1siczd5\" data-brz-custom-id=\"hzbctazfwfdnxraxindupyfdwnhvfoxgxkzt\">\n<div class=\"brz-icon__container\" data-brz-custom-id=\"xvebucrbejlyjclgeuirzyiwluxsjiofoioh\"><span class=\"brz-icon brz-span brz-css-e1ncud brz-css-1yx57dk\"><\/span><\/div>\n<div class=\"brz-text-btn\">\n<div class=\"brz-rich-text brz-rich-text__custom brz-css-1ud362o\" data-brz-custom-id=\"mjshymxjrzkwtvbamacyethmudbibsuaypqh\">\n<div data-brz-translate-text=\"1\">\n<p class=\"brz-tp-lg-paragraph brz-css-gi5iW\" data-generated-css=\"brz-css-jsbtb\" data-uniq-id=\"fqaoo\"><span class=\"brz-cp-color7\">Hnojice 130, 78501 \u0160ternberk, \u010cesk\u00e1 republika<\/span><\/p>\n<\/div>\n<\/div>\n<\/div>\n<\/div>\n<\/div>\n<div id=\"\" class=\"brz-css-1qbmspw brz-wrapper\">\n<div class=\"brz-icon-text brz-css-1siczd5\" data-brz-custom-id=\"ednblfeyaxbngmznputgudlzgxgwykktzgre\">\n<div class=\"brz-icon__container\" data-brz-custom-id=\"manmwkppmnczdpajwqlmhlzczajkxjzpxlll\"><span class=\"brz-icon brz-span brz-css-e1ncud brz-css-9knipx\"><\/span><\/div>\n<div class=\"brz-text-btn\">\n<div class=\"brz-rich-text brz-rich-text__custom brz-css-1ud362o\" data-brz-custom-id=\"ikbnegtutbtwbfjzsbwpybylihkeikolbrui\">\n<div data-brz-translate-text=\"1\">\n<p class=\"brz-tp-lg-paragraph brz-css-hxyib\" data-uniq-id=\"palox\" data-generated-css=\"brz-css-hsgba\"><a class=\"brz-cp-color7 link--external\" href=\"mailto:info@cecinafrica.com\" data-brz-link-type=\"external\">info@cecinafrica.com<\/a><\/p>\n<\/div>\n<\/div>\n<\/div>\n<\/div>\n<\/div>\n<div id=\"\" class=\"brz-css-1qbmspw brz-wrapper\">\n<div class=\"brz-map brz-map_styles brz-css-1octznr\" data-brz-custom-id=\"tpawmgfwcttsispyybgyqyleunrclxfjsmdf\">\n<div class=\"brz-ui-ed-map-content\"><\/div>\n<\/div>\n<\/div>\n<\/div>\n<\/div>\n<\/div>\n<\/div>\n<div id=\"\" class=\"brz-css-1qbmspw brz-css-111ro71 brz-wrapper\">\n<div class=\"brz-spacer brz-css-b9v0hc brz-css-1qruw1k\"><\/div>\n<\/div>\n<div class=\"brz-row__container brz-css-5ah7pv\" data-brz-custom-id=\"sfodicfkmgpnajjhyeoncoykxeyhhcvwechb\">\n<div class=\"brz-bg\"><\/div>\n<div class=\"brz-row brz-css-nvlew brz-css-1d0cuaa\">\n<div class=\"brz-columns brz-css-1xio129 brz-css-1aoeigy\" data-brz-custom-id=\"ajldbrrjzloryyfphwycbqyydoaogpgkfzdf\">\n<div class=\"brz-column__items brz-css-1g10gqm\">\n<div id=\"\" class=\"brz-css-1qbmspw brz-css-i4tau3 brz-wrapper\">\n<div class=\"brz-rich-text brz-rich-text__custom brz-css-1ud362o\" data-brz-custom-id=\"yjmllvxwplhzxtcthwnyqflobpipxjkpzohl\">\n<div data-brz-translate-text=\"1\">\n<h4 class=\"brz-tp-lg-heading4 brz-css-qqB2_\" data-generated-css=\"brz-css-cdxwk\" data-uniq-id=\"ghptj\"><span class=\"brz-cp-color2\">Faktura\u010dn\u00ed \u00fadaje<\/span><\/h4>\n<\/div>\n<\/div>\n<\/div>\n<div id=\"\" class=\"brz-css-1qbmspw brz-css-12fkbsy brz-wrapper\">\n<div class=\"brz-rich-text brz-rich-text__custom brz-css-1ud362o\" data-brz-custom-id=\"iknzdagnhvlwponncuidmwnkocjyszgicfry\">\n<div data-brz-translate-text=\"1\">\n<p class=\"brz-tp-lg-paragraph brz-css-l4EoC\" data-uniq-id=\"bdujx\" data-generated-css=\"brz-css-dvacp\"><strong class=\"brz-cp-color3\">Culture, education and computing in Africa z. s.<\/strong><\/p>\n<\/div>\n<\/div>\n<\/div>\n<div id=\"\" class=\"brz-css-1qbmspw brz-css-9m766j brz-wrapper\">\n<div class=\"brz-rich-text brz-rich-text__custom brz-css-1ud362o\" data-brz-custom-id=\"uozutzsbktmjfuhlakdbfsktpnwppsgnfyai\">\n<div data-brz-translate-text=\"1\">\n<p class=\"brz-tp-lg-paragraph brz-mt-lg-m_4 brz-css-g05Kt\" data-generated-css=\"brz-css-nbrpf\" data-uniq-id=\"bybpk\"><strong class=\"brz-cp-color7\">Neziskov\u00e1 organizace<\/strong><span class=\"brz-cp-color7\"> zapsan\u00e1 u Krajsk\u00e9ho soudu v Ostrav\u011b, \u010cesk\u00e1 republika<\/span><\/p>\n<\/div>\n<\/div>\n<\/div>\n<div id=\"\" class=\"brz-css-1qbmspw brz-css-1k5jnny brz-wrapper\">\n<div class=\"brz-icon-text brz-css-1siczd5\" data-brz-custom-id=\"iqrsjhabqpsvvexkivqprrzcgmhssueklwrt\">\n<div class=\"brz-icon__container\" data-brz-custom-id=\"lvsagjsrofzsgnlzyqrqsnrodnqgolndygrg\"><span class=\"brz-icon brz-span brz-css-e1ncud brz-css-hwywuc\"><\/span><\/div>\n<div class=\"brz-text-btn\">\n<div class=\"brz-rich-text brz-rich-text__custom brz-css-1ud362o\" data-brz-custom-id=\"owjpckxumeilfbzclmtpgqarovolwztziryt\">\n<div data-brz-translate-text=\"1\">\n<p class=\"brz-tp-lg-paragraph brz-css-k0asZ\" data-uniq-id=\"ehxjc\" data-generated-css=\"brz-css-hvrjg\"><span class=\"brz-cp-color7\">Hnojice 130, 78501 \u0160ternberk, \u010cesk\u00e1 republika <\/span><\/p>\n<\/div>\n<\/div>\n<\/div>\n<\/div>\n<\/div>\n<div id=\"\" class=\"brz-css-1qbmspw brz-css-ymnyot brz-wrapper\">\n<div class=\"brz-icon-text brz-css-1siczd5\" data-brz-custom-id=\"xirovsbtfrgepftaphphnwsysrrjadosqpon\">\n<div class=\"brz-icon__container\" data-brz-custom-id=\"jmbktkuamyrtcbuhanyiozesjypfamftxirh\"><span class=\"brz-icon brz-span brz-css-e1ncud brz-css-dwrpii\"><\/span><\/div>\n<div class=\"brz-text-btn\">\n<div class=\"brz-rich-text brz-rich-text__custom brz-css-1ud362o\" data-brz-custom-id=\"kkhbvgmpmywbrwdbuozbzqyrvgdtznghfgiz\">\n<div data-brz-translate-text=\"1\">\n<p class=\"brz-tp-lg-paragraph brz-css-jBJF5\" data-generated-css=\"brz-css-owmbq\" data-uniq-id=\"pdwgq\"><span class=\"brz-cp-color7\">I\u010cO: 17334403<\/span><\/p>\n<\/div>\n<\/div>\n<\/div>\n<\/div>\n<\/div>\n<\/div>\n<\/div>\n<\/div>\n<\/div>\n<\/div>\n<\/div>\n<\/section>\n<\/div>\n<p>    <!-- version:1736956131 --><\/p>","protected":false},"excerpt":{"rendered":"<p>Get in Touch Choose a subjectProjects \/ donationsExperienceWebsiteVolunteeringOther SEND MESSAGE Projectsite in Zambia Pavel \u0160uba Lusaka, Zambia info@cecinafrica.com Contact in Czechia Ji\u0159\u00ed Slima\u0159\u00edk Hnojice 130, 78501 \u0160ternberk, Czechia, EU info@cecinafrica.com Billing information Culture, education and computing in Africa z. s. Non-profit organization registered with the Regional Court in Ostrava, Czechia Hnojice 130, 78501 \u0160ternberk, Czechia, &#8230; <a title=\"Kontakt\" class=\"read-more\" href=\"https:\/\/cecinafrica.org\/cs\/contact\/\" aria-label=\"\u010c\u00edst v\u00edce o Contact\">\u010c\u00edst d\u00e1l<\/a><\/p>","protected":false},"author":2,"featured_media":0,"parent":0,"menu_order":0,"comment_status":"closed","ping_status":"closed","template":"brizy-blank-template.php","meta":{"_acf_changed":false,"footnotes":""},"class_list":["post-72","page","type-page","status-publish"],"acf":[],"brizy_media":[],"_links":{"self":[{"href":"https:\/\/cecinafrica.org\/cs\/wp-json\/wp\/v2\/pages\/72","targetHints":{"allow":["GET"]}}],"collection":[{"href":"https:\/\/cecinafrica.org\/cs\/wp-json\/wp\/v2\/pages"}],"about":[{"href":"https:\/\/cecinafrica.org\/cs\/wp-json\/wp\/v2\/types\/page"}],"author":[{"embeddable":true,"href":"https:\/\/cecinafrica.org\/cs\/wp-json\/wp\/v2\/users\/2"}],"replies":[{"embeddable":true,"href":"https:\/\/cecinafrica.org\/cs\/wp-json\/wp\/v2\/comments?post=72"}],"version-history":[{"count":5,"href":"https:\/\/cecinafrica.org\/cs\/wp-json\/wp\/v2\/pages\/72\/revisions"}],"predecessor-version":[{"id":1715,"href":"https:\/\/cecinafrica.org\/cs\/wp-json\/wp\/v2\/pages\/72\/revisions\/1715"}],"wp:attachment":[{"href":"https:\/\/cecinafrica.org\/cs\/wp-json\/wp\/v2\/media?parent=72"}],"curies":[{"name":"wp","href":"https:\/\/api.w.org\/{rel}","templated":true}]}}