{"id":6856,"date":"2023-04-22T13:51:58","date_gmt":"2023-04-22T13:51:58","guid":{"rendered":"https:\/\/cecinafrica.org\/?page_id=6856"},"modified":"2026-04-06T14:56:18","modified_gmt":"2026-04-06T14:56:18","slug":"projects","status":"publish","type":"page","link":"https:\/\/cecinafrica.org\/cs\/projects\/","title":{"rendered":"Projekty"},"content":{"rendered":"<div class=\"brz-root__container brz-reset-all brz brz-root__container-page\">\n<section id=\"_symzjdgkwzbdzkfocsrnsliabdrtrtyzuvne\" class=\"brz-section brz-css-1way4kt brz-css-12xwhe7\">\n<div class=\"brz-section__content brz-section--boxed brz-css-15lxbvg brz-css-i3g6nk\" data-brz-custom-id=\"pphlbgqssbclvnhfvbglifolqqocnvjlkvet\">\n<div class=\"brz-bg\">\n<div class=\"brz-bg-image\"><\/div>\n<div class=\"brz-bg-color\"><\/div>\n<\/div>\n<div class=\"brz-container brz-css-1xuvetm brz-css-1mbtr01\">\n<div id=\"\" class=\"brz-css-b17v41 brz-wrapper\">\n<div class=\"brz-rich-text brz-rich-text__custom brz-css-1d9vq04\" data-brz-custom-id=\"hisyfrhxhsqhntjttzriaekfplxyxoqpbomn\">\n<div data-brz-translate-text=\"1\">\n<h1 class=\"brz-tp-lg-heading1 brz-text-lg-center brz-css-ox80j\" data-generated-css=\"brz-css-adfkd\" data-uniq-id=\"mlprx\"><span class=\"brz-cp-color3\">Projekty<\/span><\/h1>\n<\/div>\n<\/div>\n<\/div>\n<\/div>\n<\/div>\n<\/section>\n<section id=\"_xufxqrsmviarxwounoilakcohlvlaoftyufn\" class=\"brz-section brz-css-1way4kt\">\n<div class=\"brz-section__content brz-section--boxed brz-css-15lxbvg brz-css-aw73gl\" data-brz-custom-id=\"ohjdqqdlduswtyxktigwcpyvrvbxgiauduqm\">\n<div class=\"brz-container brz-css-1xuvetm\">\n<div class=\"brz-row__container brz-css-bvsezd\" data-brz-custom-id=\"pjzgfofncopzmuuxoqortnvqniiwylsuupqr\">\n<div class=\"brz-bg\"><\/div>\n<div class=\"brz-row brz-css-xel803 brz-css-fi12fv\">\n<div class=\"brz-columns brz-css-1st171a brz-css-njqwf6\" data-brz-custom-id=\"sowdienotlbbflqpecfuujzdvwqsesxavstx\">\n<div class=\"brz-bg\">\n<div class=\"brz-bg-image\"><\/div>\n<div class=\"brz-bg-color\"><\/div>\n<\/div>\n<div class=\"brz-column__items brz-css-11v4h2 brz-css-ijlge0\">\n<div id=\"\" class=\"brz-css-b17v41 brz-wrapper\">\n<div class=\"brz-rich-text brz-rich-text__custom brz-css-1d9vq04\" data-brz-custom-id=\"tosbonlaxwsggmjmfoszlgsoodjcihenztbf\">\n<div data-brz-translate-text=\"1\">\n<h2 class=\"brz-tp-lg-heading2 brz-text-lg-center brz-css-snyVD\" data-generated-css=\"brz-css-fgooh\" data-uniq-id=\"ljndj\"><span class=\"brz-cp-color3\">GECO \u0160kola <\/span><\/h2>\n<\/div>\n<\/div>\n<\/div>\n<div id=\"\" class=\"brz-css-b17v41 brz-wrapper\">\n<div class=\"brz-rich-text brz-rich-text__custom brz-css-1d9vq04\" data-brz-custom-id=\"snbmxedhniohxiydmqjbndwutfgdlxedpeta\">\n<div data-brz-translate-text=\"1\">\n<p class=\"brz-tp-lg-paragraph brz-text-lg-center brz-css-rJMJX\" data-uniq-id=\"qkwoc\" data-generated-css=\"brz-css-gfmdb\"><span class=\"brz-cp-color6\">Podpo\u0159te zambijsk\u00e9 rodi\u010de, aby mohli pos\u00edlat sv\u00e9 d\u011bti do \u0161koly.<\/span><\/p>\n<\/div>\n<\/div>\n<\/div>\n<\/div>\n<p><a class=\"brz-a brz-container-link\" href=\"https:\/\/cecinafrica.org\/cs\/geco-school\/\" target=\"_self\" rel=\"noopener\" data-brz-link-type=\"external\"><\/a><\/div>\n<div class=\"brz-columns brz-css-1st171a brz-css-qb8kiu\" data-brz-custom-id=\"doiyqtrauqxnfiejzvtwezbyjosbglilyvvm\">\n<div class=\"brz-bg\">\n<div class=\"brz-bg-image\"><\/div>\n<div class=\"brz-bg-color\"><\/div>\n<\/div>\n<div class=\"brz-column__items brz-css-11v4h2 brz-css-142wuvp\">\n<div id=\"\" class=\"brz-css-b17v41 brz-wrapper\">\n<div class=\"brz-rich-text brz-rich-text__custom brz-css-1d9vq04\" data-brz-custom-id=\"cdqiauwycvdlezcadcxlkojjtkrjoelnmfde\">\n<div data-brz-translate-text=\"1\">\n<h2 class=\"brz-tp-lg-heading2 brz-text-lg-center brz-css-dDe4C\" data-generated-css=\"brz-css-ezsgz\" data-uniq-id=\"umihe\"><span class=\"brz-cp-color3\">P\u0159ipravujeme v\u00edce projekt\u016f<\/span><\/h2>\n<\/div>\n<\/div>\n<\/div>\n<div id=\"\" class=\"brz-css-b17v41 brz-wrapper\">\n<div class=\"brz-rich-text brz-rich-text__custom brz-css-1d9vq04\" data-brz-custom-id=\"uvytchfdqwmaseovqgkuvxoowteiepotkwaj\">\n<div data-brz-translate-text=\"1\">\n<p class=\"brz-text-lg-center brz-tp-lg-paragraph brz-css-tRrt6\" data-generated-css=\"brz-css-dgnki\" data-uniq-id=\"arlqj\"><span class=\"brz-cp-color6\">Zat\u00edm dal\u0161\u00ed projekty nem\u00e1me<\/span><\/p>\n<\/div>\n<\/div>\n<\/div>\n<\/div>\n<\/div>\n<\/div>\n<\/div>\n<\/div>\n<\/div>\n<\/section>\n<\/div>\n<p>    <!-- version:1737043359 --><\/p>","protected":false},"excerpt":{"rendered":"<p>Projects GECO School Support Zambian parents so they can afford to keep their children in school. We are planning more projects There are no other projects yet.<\/p>","protected":false},"author":2,"featured_media":0,"parent":0,"menu_order":0,"comment_status":"closed","ping_status":"closed","template":"brizy-blank-template.php","meta":{"_acf_changed":false,"footnotes":""},"class_list":["post-6856","page","type-page","status-publish"],"acf":[],"brizy_media":[{"id":7073,"url":"https:\/\/cecinafrica.org\/wp-content\/uploads\/2023\/04\/GECO-2023-03-1.jpeg","name":"GECO-2023-03-1.jpeg","meta":{"brizy_attachment_uid":"wp-1acd58eadbde9022ba9d32b285ac3ec5.jpeg","brizy_post_uid":["29ffb0286db3e87cc47af8ff37825015","3b24520bfc081a0bf5f5b6e40b0c0cb4"]}},{"id":256,"url":"https:\/\/cecinafrica.org\/wp-content\/uploads\/2022\/12\/CECinAFRICA-white-320-\u00d7-132-px.png","name":"CECinAFRICA-white-320-\u00d7-132-px.png","meta":{"brizy_attachment_uid":"wp-f41b64e58b92fc7f623a86384ea12d96.png","brizy_post_uid":["3b24520bfc081a0bf5f5b6e40b0c0cb4"]}}],"_links":{"self":[{"href":"https:\/\/cecinafrica.org\/cs\/wp-json\/wp\/v2\/pages\/6856","targetHints":{"allow":["GET"]}}],"collection":[{"href":"https:\/\/cecinafrica.org\/cs\/wp-json\/wp\/v2\/pages"}],"about":[{"href":"https:\/\/cecinafrica.org\/cs\/wp-json\/wp\/v2\/types\/page"}],"author":[{"embeddable":true,"href":"https:\/\/cecinafrica.org\/cs\/wp-json\/wp\/v2\/users\/2"}],"replies":[{"embeddable":true,"href":"https:\/\/cecinafrica.org\/cs\/wp-json\/wp\/v2\/comments?post=6856"}],"version-history":[{"count":5,"href":"https:\/\/cecinafrica.org\/cs\/wp-json\/wp\/v2\/pages\/6856\/revisions"}],"predecessor-version":[{"id":9753,"href":"https:\/\/cecinafrica.org\/cs\/wp-json\/wp\/v2\/pages\/6856\/revisions\/9753"}],"wp:attachment":[{"href":"https:\/\/cecinafrica.org\/cs\/wp-json\/wp\/v2\/media?parent=6856"}],"curies":[{"name":"wp","href":"https:\/\/api.w.org\/{rel}","templated":true}]}}