{"id":2770,"date":"2023-02-17T13:05:30","date_gmt":"2023-02-17T13:05:30","guid":{"rendered":"https:\/\/cecinafrica.org\/?page_id=2770"},"modified":"2026-04-06T20:12:51","modified_gmt":"2026-04-06T20:12:51","slug":"experiences-and-tours","status":"publish","type":"page","link":"https:\/\/cecinafrica.org\/cs\/experiences-and-tours\/","title":{"rendered":"Z\u00e1\u017eitky a v\u00fdlety"},"content":{"rendered":"<div class=\"brz-root__container brz-reset-all brz brz-root__container-page\">\n<section id=\"_bvsjywribbrufxbuwpselpmscohtqscpopza\" class=\"brz-section brz-css-1kd6mc9 brz-css-ibov1q\">\n<div class=\"brz-section__content brz-section--boxed brz-css-1wjyn7d brz-css-1ppfn27\" data-brz-custom-id=\"fpipzsrujlsnnzjqawkquahcgmiywdhoxohd\">\n<div class=\"brz-bg\">\n<div class=\"brz-bg-image\"><\/div>\n<div class=\"brz-bg-color\"><\/div>\n<\/div>\n<div class=\"brz-container brz-css-t6kzbp\">\n<div class=\"brz-row__container brz-css-e6am41\" data-brz-custom-id=\"uzzmtpxcdkscbokwkwuqekzmjvxbnuzrpdpr\">\n<div class=\"brz-bg\"><\/div>\n<div class=\"brz-row brz-css-s8q1w0\">\n<div class=\"brz-columns brz-css-181y3t5 brz-css-mg5n2l\" data-brz-custom-id=\"dpvsedmkgtefzbpfkqkqfurnysvcakttnogo\">\n<div class=\"brz-bg\"><\/div>\n<div class=\"brz-column__items brz-css-1kh0otz\">\n<div id=\"\" class=\"brz-css-a997f0 brz-wrapper\">\n<div class=\"brz-rich-text brz-rich-text__custom brz-css-873ub\" data-brz-custom-id=\"lflclddecrqvkprihizszthvlncsbikoyxqf\">\n<div data-brz-translate-text=\"1\">\n<h1 class=\"brz-tp-lg-heading1 brz-text-lg-center brz-css-iL14K\" data-generated-css=\"brz-css-bcqgj\" data-uniq-id=\"gqxyc\"><span class=\"brz-cp-color3\">Z\u00e1\u017eitky a v\u00fdlety v Zambii<\/span><\/h1>\n<\/div>\n<\/div>\n<\/div>\n<\/div>\n<\/div>\n<\/div>\n<\/div>\n<div class=\"brz-row__container brz-css-e6am41 brz-css-1o8fzwj\" data-brz-custom-id=\"cgluuxrykhdvflsjfqwwkrkjsmlfesdakdry\">\n<div class=\"brz-bg\"><\/div>\n<div class=\"brz-row brz-css-s8q1w0 brz-css-1i15a5s\">\n<div data-brz-iteration-count=\"1\" class=\"brz-columns brz-css-181y3t5 brz-css-3k9yzx brz-animated brz-css-10gb49w brz-css-1kru22w\" data-brz-custom-id=\"expwwhztzsradjzcmvefpxkxhkvjcnhfvfnn\">\n<div class=\"brz-bg\">\n<div class=\"brz-bg-color\"><\/div>\n<\/div>\n<div class=\"brz-column__items brz-css-1kh0otz brz-css-vbv68c\">\n<div class=\"brz-wrapper-clone brz-css-1wyhchx\">\n<div class=\"brz-d-xs-flex brz-flex-xs-wrap brz-css-2xp8lp\" data-brz-custom-id=\"\">\n<div class=\"brz-wrapper-clone__item\" id=\"cythrqslrjlauyixxukrubamlzjwblgwebys\">\n<div class=\"brz-icon__container\" data-brz-custom-id=\"cythrqslrjlauyixxukrubamlzjwblgwebys\"><span class=\"brz-icon brz-span brz-css-tggfnx brz-css-k9z361\"><\/span><\/div>\n<\/div>\n<\/div>\n<\/div>\n<div id=\"\" class=\"brz-css-a997f0 brz-css-1971lx7 brz-wrapper\">\n<div class=\"brz-rich-text brz-rich-text__custom brz-css-873ub\" data-brz-custom-id=\"hnmresnplrcwnbuhpssscmzqpqrogdbxlwpg\">\n<div data-brz-translate-text=\"1\">\n<h4 class=\"brz-tp-lg-abovetitle brz-text-lg-center brz-css-zk5LN\" data-generated-css=\"brz-css-tfvhy\" data-uniq-id=\"pmewz\"><strong class=\"brz-cp-color3 brz-capitalize-on\">Koup\u00ed z\u00e1\u017eitku podpo\u0159\u00edte m\u00edstn\u00ed lidi<\/strong><\/h4>\n<\/div>\n<\/div>\n<\/div>\n<\/div>\n<\/div>\n<\/div>\n<\/div>\n<div class=\"brz-wrapper-clone brz-css-1wyhchx\">\n<div class=\"brz-d-xs-flex brz-flex-xs-wrap brz-css-2xp8lp\" data-brz-custom-id=\"\">\n<div class=\"brz-wrapper-clone__item\" id=\"yzevqmijswudokefjflxgyrrtlntczdbvqld\">\n<div class=\"brz-icon__container\" data-brz-custom-id=\"yzevqmijswudokefjflxgyrrtlntczdbvqld\"><a class=\"brz-a brz-anchor\" href=\"#experiences\" target=\"_self\" rel=\"noopener\" data-brz-link-type=\"anchor\"><span class=\"brz-icon brz-span brz-css-tggfnx brz-css-1p8lqmw\"><\/span><\/a><\/div>\n<\/div>\n<\/div>\n<\/div>\n<\/div>\n<\/div>\n<\/section>\n<section id=\"experiences\" class=\"brz-section brz-css-1kd6mc9\">\n<div class=\"brz-section__content brz-section--boxed brz-css-1wjyn7d brz-css-1h9cexc\" data-brz-custom-id=\"ybpffjzzwjmmdljsurzdbeaxsghizrczndfp\">\n<div class=\"brz-bg\">\n<div class=\"brz-bg-color\"><\/div>\n<\/div>\n<div class=\"brz-container brz-css-t6kzbp\">\n<div class=\"brz-row__container brz-css-e6am41\" data-brz-custom-id=\"ihasddnzajtumvzcxhpzcwaxkdncmlsqrrgq\">\n<div class=\"brz-bg\"><\/div>\n<div class=\"brz-row brz-css-s8q1w0\">\n<div class=\"brz-columns brz-css-181y3t5 brz-css-tzijnw\" data-brz-custom-id=\"fgivtitnyzciebiikpmksdwxzolvyjieolvd\">\n<div class=\"brz-bg\"><\/div>\n<div class=\"brz-column__items brz-css-1kh0otz\">\n<div id=\"\" class=\"brz-css-a997f0 brz-wrapper\">\n<div class=\"brz-rich-text brz-rich-text__custom brz-css-873ub\" data-brz-custom-id=\"baynvvdyhwaczqbyasmsefhybpqfkgjmsgwv\">\n<div data-brz-translate-text=\"1\">\n<h3 data-uniq-id=\"udmcx\" data-generated-css=\"brz-css-hftrd\" class=\"brz-tp-lg-heading3 brz-text-lg-center brz-css-r0RH2\"><span class=\"brz-cp-color2\">U\u017eijte si nezapomenuteln\u00e9 z\u00e1\u017eitky a v\u00fdlety.  <\/span><\/h3>\n<\/div>\n<\/div>\n<\/div>\n<div id=\"\" class=\"brz-css-a997f0 brz-wrapper\">\n<div class=\"brz-rich-text brz-rich-text__custom brz-css-873ub\" data-brz-custom-id=\"xqrihhdosecnbzjgwmvuitgwvilxexajncyo\">\n<div data-brz-translate-text=\"1\">\n<p class=\"brz-text-lg-center brz-tp-lg-subtitle brz-css-g37Sh\" data-generated-css=\"brz-css-jffuj\" data-uniq-id=\"katwc\"><span class=\"brz-cp-color3\">Ka\u017ed\u00fd kdo si zakoup\u00ed n\u011bkterou z aktivit, podpo\u0159\u00ed m\u00edstn\u00ed \u0161kolu v n\u00e1kupu vody na jeden m\u011bs\u00edc.<\/span><\/p>\n<\/div>\n<\/div>\n<\/div>\n<div id=\"\" class=\"brz-css-a997f0 brz-css-1kwed08 brz-wrapper\">\n<div class=\"brz-posts brz-css-gdxu1f\" data-brz-custom-id=\"zhjrgoxckrmhfkmpsrwfxdofpeqmckjilelo\">\n<div class=\"brz-posts__wrapper\">\n<div class=\"brz-posts__item\">\n<div class=\"brz-columns brz-css-181y3t5 brz-css-dvoyip brz-css-nv5v0q\" data-brz-custom-id=\"ituxpznkltmiijqwrrfyfrvhbspnvrvgjygg\">\n<div class=\"brz-bg\">\n<div class=\"brz-bg-color\"><\/div>\n<\/div>\n<div class=\"brz-column__items brz-css-1kh0otz brz-css-xw5cmp\">\n<div id=\"\" class=\"brz-css-a997f0 brz-wrapper\">\n<div class=\"brz-wp-title brz-css-1yn5ygy brz-css-h064tq brz-css-1jd4zbz\" data-brz-custom-id=\"yxdhgkncqqoztvlbwchgwyrbvfynaaxyutpg\"><span class=\"brz-wp-title-content\"><\/span><\/div>\n<\/div>\n<div id=\"\" class=\"brz-css-a997f0 brz-wrapper\">\n<div class=\"brz-image brz-css-ohswbl brz-css-a72v6d\" data-brz-custom-id=\"dqxiblsphugywgsbdbjzfeyqhxqlyroetjem\"><a class=\"brz-a\" href=\"\" target=\"_self\" rel=\"noopener\" data-brz-link-type=\"external\"><img decoding=\"async\" class=\"brz-img\" src=\"\" alt=\"\" loading=\"lazy\"><\/a><\/div>\n<\/div>\n<div id=\"\" class=\"brz-css-a997f0 brz-wrapper\">\n<div class=\"brz-rich-text brz-rich-text__custom brz-css-873ub\" data-brz-custom-id=\"beclhynsllimkcvxuthspzuhtdrqmjqvnpyw\">\n<div data-brz-translate-text=\"1\">\n<p class=\"brz-tp-lg-paragraph brz-css-vZLnN\" data-uniq-id=\"ximkr\" data-generated-css=\"brz-css-xwcwb\"><span class=\"text-population brz-cp-color7\"><\/span><span class=\"brz-cp-color7\"> <\/span><span class=\"brz-cp-color3\">\u2026<\/span><a class=\"link--external is-empty brz-cp-color3\" href=\"\" data-brz-link-type=\"external\">see the details<\/a><\/p>\n<\/div>\n<\/div>\n<\/div>\n<\/div>\n<\/div>\n<\/div>\n<\/div>\n<\/div>\n<\/div>\n<div id=\"\" class=\"brz-css-a997f0 brz-css-3k0tdx brz-wrapper\">\n<div class=\"brz-spacer brz-css-1txfcwd\"><\/div>\n<\/div>\n<div class=\"brz-wrapper-clone brz-css-1wyhchx brz-css-1181dd\">\n<div class=\"brz-d-xs-flex brz-flex-xs-wrap brz-css-2xp8lp\" data-brz-custom-id=\"\">\n<div class=\"brz-wrapper-clone__item\" id=\"gbyeclzyutaeqcrptafiilkcrnebbpivzkcv\"><a class=\"brz-a brz-btn brz-css-19lbmu4 brz-css-wstxz2 brz-css-1ovll3l brz-css-ihocub\" href=\"https:\/\/cecinafrica.org\/cs\/geco-school\/\" target=\"_self\" rel=\"noopener\" data-brz-link-type=\"external\" data-brz-custom-id=\"gbyeclzyutaeqcrptafiilkcrnebbpivzkcv\"><span data-brz-translate-text=\"1\" class=\"brz-span brz-text__editor\">Prohl\u00e9dn\u011bte si podporovan\u00fd projekt<\/span><\/a><\/div>\n<\/div>\n<\/div>\n<\/div>\n<\/div>\n<\/div>\n<\/div>\n<\/div>\n<\/div>\n<\/section>\n<\/div>\n<p>    <!-- version:1736974672 --><\/p>","protected":false},"excerpt":{"rendered":"<p>Experiences and tours in Zambia BY BUYING FROM US YOU ARE SUPPORTING LOCAL PEOPLE Enjoy unforgettable experience or tour. Each person who buys this activity will support the school in purchasing water for one week. \u2026see the details See supported project<\/p>","protected":false},"author":2,"featured_media":2862,"parent":0,"menu_order":0,"comment_status":"closed","ping_status":"closed","template":"brizy-blank-template.php","meta":{"_acf_changed":false,"footnotes":""},"class_list":["post-2770","page","type-page","status-publish","has-post-thumbnail"],"acf":[],"brizy_media":[{"id":2863,"url":"https:\/\/cecinafrica.org\/wp-content\/uploads\/2023\/02\/Loocal-market-Lusaka-w900.jpg","name":"Loocal-market-Lusaka-w900.jpg","meta":{"brizy_attachment_uid":"wp-9e3db4c6cf65bf32c26eb82b2fe49e64.jpg","brizy_post_uid":["ba1b303741f9531f4066218513711072","9a8cbc3044cb42cee7f40668b41c3d2f"]}},{"id":3096,"url":"https:\/\/cecinafrica.org\/wp-content\/uploads\/2023\/02\/Loocal-market-Lusaka-2-1.jpg","name":"Loocal-market-Lusaka-2-1.jpg","meta":{"brizy_attachment_uid":"wp-00945fa25ff9766b860606e92667d114.jpg","brizy_post_uid":["9a8cbc3044cb42cee7f40668b41c3d2f"]}}],"_links":{"self":[{"href":"https:\/\/cecinafrica.org\/cs\/wp-json\/wp\/v2\/pages\/2770","targetHints":{"allow":["GET"]}}],"collection":[{"href":"https:\/\/cecinafrica.org\/cs\/wp-json\/wp\/v2\/pages"}],"about":[{"href":"https:\/\/cecinafrica.org\/cs\/wp-json\/wp\/v2\/types\/page"}],"author":[{"embeddable":true,"href":"https:\/\/cecinafrica.org\/cs\/wp-json\/wp\/v2\/users\/2"}],"replies":[{"embeddable":true,"href":"https:\/\/cecinafrica.org\/cs\/wp-json\/wp\/v2\/comments?post=2770"}],"version-history":[{"count":5,"href":"https:\/\/cecinafrica.org\/cs\/wp-json\/wp\/v2\/pages\/2770\/revisions"}],"predecessor-version":[{"id":6889,"href":"https:\/\/cecinafrica.org\/cs\/wp-json\/wp\/v2\/pages\/2770\/revisions\/6889"}],"wp:featuredmedia":[{"embeddable":true,"href":"https:\/\/cecinafrica.org\/cs\/wp-json\/wp\/v2\/media\/2862"}],"wp:attachment":[{"href":"https:\/\/cecinafrica.org\/cs\/wp-json\/wp\/v2\/media?parent=2770"}],"curies":[{"name":"wp","href":"https:\/\/api.w.org\/{rel}","templated":true}]}}